{"id":750,"date":"2024-12-19T15:26:27","date_gmt":"2024-12-19T15:26:27","guid":{"rendered":"https:\/\/hungarofondo.hu\/lime\/?page_id=750"},"modified":"2024-12-19T15:26:27","modified_gmt":"2024-12-19T15:26:27","slug":"kezdolap","status":"publish","type":"page","link":"https:\/\/hungarofondo.hu\/lime\/","title":{"rendered":"Kezd\u0151lap"},"content":{"rendered":"","protected":false},"excerpt":{"rendered":"","protected":false},"author":2,"featured_media":0,"parent":0,"menu_order":0,"comment_status":"closed","ping_status":"closed","template":"","meta":{"_uag_custom_page_level_css":"","footnotes":""},"class_list":["post-750","page","type-page","status-publish","hentry"],"yoast_head":"<!-- This site is optimized with the Yoast SEO plugin v24.1 - https:\/\/yoast.com\/wordpress\/plugins\/seo\/ -->\n<title>Kezd\u0151lap - Lime Apartment Zam&aacute;rdi***<\/title>\n<meta name=\"robots\" content=\"index, follow, max-snippet:-1, max-image-preview:large, max-video-preview:-1\" \/>\n<link rel=\"canonical\" href=\"https:\/\/hungarofondo.hu\/lime\/\" \/>\n<meta property=\"og:locale\" content=\"hu_HU\" \/>\n<meta property=\"og:type\" content=\"article\" \/>\n<meta property=\"og:title\" content=\"Kezd\u0151lap - Lime Apartment Zam&aacute;rdi***\" \/>\n<meta property=\"og:url\" content=\"https:\/\/hungarofondo.hu\/lime\/\" \/>\n<meta property=\"og:site_name\" content=\"Lime Apartment Zam&aacute;rdi***\" \/>\n<meta property=\"article:publisher\" content=\"https:\/\/www.facebook.com\/lime.apartment.zamardi\" \/>\n<meta name=\"twitter:card\" content=\"summary_large_image\" \/>\n<script type=\"application\/ld+json\" class=\"yoast-schema-graph\">{\"@context\":\"https:\/\/schema.org\",\"@graph\":[{\"@type\":\"WebPage\",\"@id\":\"https:\/\/hungarofondo.hu\/lime\/\",\"url\":\"https:\/\/hungarofondo.hu\/lime\/\",\"name\":\"Kezd\u0151lap - Lime Apartment Zam&aacute;rdi***\",\"isPartOf\":{\"@id\":\"https:\/\/hungarofondo.hu\/lime\/#website\"},\"datePublished\":\"2024-12-19T15:26:27+00:00\",\"dateModified\":\"2024-12-19T15:26:27+00:00\",\"breadcrumb\":{\"@id\":\"https:\/\/hungarofondo.hu\/lime\/#breadcrumb\"},\"inLanguage\":\"hu\",\"potentialAction\":[{\"@type\":\"ReadAction\",\"target\":[\"https:\/\/hungarofondo.hu\/lime\/\"]}]},{\"@type\":\"BreadcrumbList\",\"@id\":\"https:\/\/hungarofondo.hu\/lime\/#breadcrumb\",\"itemListElement\":[{\"@type\":\"ListItem\",\"position\":1,\"name\":\"Kezd\u0151lap\",\"item\":\"https:\/\/hungarofondo.hu\/lime\/\"},{\"@type\":\"ListItem\",\"position\":2,\"name\":\"Kezd\u0151lap\"}]},{\"@type\":\"WebSite\",\"@id\":\"https:\/\/hungarofondo.hu\/lime\/#website\",\"url\":\"https:\/\/hungarofondo.hu\/lime\/\",\"name\":\"Lime Apartment Zam\u00e1rdi***\",\"description\":\"Csal\u00e1dbar\u00e1t, ker\u00e9kp\u00e1ros sz\u00e1ll\u00e1shely a Balatonn\u00e1l\",\"publisher\":{\"@id\":\"https:\/\/hungarofondo.hu\/lime\/#organization\"},\"potentialAction\":[{\"@type\":\"SearchAction\",\"target\":{\"@type\":\"EntryPoint\",\"urlTemplate\":\"https:\/\/hungarofondo.hu\/lime\/?s={search_term_string}\"},\"query-input\":{\"@type\":\"PropertyValueSpecification\",\"valueRequired\":true,\"valueName\":\"search_term_string\"}}],\"inLanguage\":\"hu\"},{\"@type\":\"Organization\",\"@id\":\"https:\/\/hungarofondo.hu\/lime\/#organization\",\"name\":\"Lime Apartment Zam\u00e1rdi***\",\"url\":\"https:\/\/hungarofondo.hu\/lime\/\",\"logo\":{\"@type\":\"ImageObject\",\"inLanguage\":\"hu\",\"@id\":\"https:\/\/hungarofondo.hu\/lime\/#\/schema\/logo\/image\/\",\"url\":\"https:\/\/hungarofondo.hu\/lime\/wp-content\/uploads\/2024\/11\/cropped-Lime_Apartment_Zamardi_white_logo_main-removebg.webp\",\"contentUrl\":\"https:\/\/hungarofondo.hu\/lime\/wp-content\/uploads\/2024\/11\/cropped-Lime_Apartment_Zamardi_white_logo_main-removebg.webp\",\"width\":240,\"height\":145,\"caption\":\"Lime Apartment Zam\u00e1rdi***\"},\"image\":{\"@id\":\"https:\/\/hungarofondo.hu\/lime\/#\/schema\/logo\/image\/\"},\"sameAs\":[\"https:\/\/www.facebook.com\/lime.apartment.zamardi\",\"https:\/\/www.instagram.com\/limeapartmentzamardi\"]}]}<\/script>\n<!-- \/ Yoast SEO plugin. -->","yoast_head_json":{"title":"Kezd\u0151lap - Lime Apartment Zam&aacute;rdi***","robots":{"index":"index","follow":"follow","max-snippet":"max-snippet:-1","max-image-preview":"max-image-preview:large","max-video-preview":"max-video-preview:-1"},"canonical":"https:\/\/hungarofondo.hu\/lime\/","og_locale":"hu_HU","og_type":"article","og_title":"Kezd\u0151lap - Lime Apartment Zam&aacute;rdi***","og_url":"https:\/\/hungarofondo.hu\/lime\/","og_site_name":"Lime Apartment Zam&aacute;rdi***","article_publisher":"https:\/\/www.facebook.com\/lime.apartment.zamardi","twitter_card":"summary_large_image","schema":{"@context":"https:\/\/schema.org","@graph":[{"@type":"WebPage","@id":"https:\/\/hungarofondo.hu\/lime\/","url":"https:\/\/hungarofondo.hu\/lime\/","name":"Kezd\u0151lap - Lime Apartment Zam&aacute;rdi***","isPartOf":{"@id":"https:\/\/hungarofondo.hu\/lime\/#website"},"datePublished":"2024-12-19T15:26:27+00:00","dateModified":"2024-12-19T15:26:27+00:00","breadcrumb":{"@id":"https:\/\/hungarofondo.hu\/lime\/#breadcrumb"},"inLanguage":"hu","potentialAction":[{"@type":"ReadAction","target":["https:\/\/hungarofondo.hu\/lime\/"]}]},{"@type":"BreadcrumbList","@id":"https:\/\/hungarofondo.hu\/lime\/#breadcrumb","itemListElement":[{"@type":"ListItem","position":1,"name":"Kezd\u0151lap","item":"https:\/\/hungarofondo.hu\/lime\/"},{"@type":"ListItem","position":2,"name":"Kezd\u0151lap"}]},{"@type":"WebSite","@id":"https:\/\/hungarofondo.hu\/lime\/#website","url":"https:\/\/hungarofondo.hu\/lime\/","name":"Lime Apartment Zam\u00e1rdi***","description":"Csal\u00e1dbar\u00e1t, ker\u00e9kp\u00e1ros sz\u00e1ll\u00e1shely a Balatonn\u00e1l","publisher":{"@id":"https:\/\/hungarofondo.hu\/lime\/#organization"},"potentialAction":[{"@type":"SearchAction","target":{"@type":"EntryPoint","urlTemplate":"https:\/\/hungarofondo.hu\/lime\/?s={search_term_string}"},"query-input":{"@type":"PropertyValueSpecification","valueRequired":true,"valueName":"search_term_string"}}],"inLanguage":"hu"},{"@type":"Organization","@id":"https:\/\/hungarofondo.hu\/lime\/#organization","name":"Lime Apartment Zam\u00e1rdi***","url":"https:\/\/hungarofondo.hu\/lime\/","logo":{"@type":"ImageObject","inLanguage":"hu","@id":"https:\/\/hungarofondo.hu\/lime\/#\/schema\/logo\/image\/","url":"https:\/\/hungarofondo.hu\/lime\/wp-content\/uploads\/2024\/11\/cropped-Lime_Apartment_Zamardi_white_logo_main-removebg.webp","contentUrl":"https:\/\/hungarofondo.hu\/lime\/wp-content\/uploads\/2024\/11\/cropped-Lime_Apartment_Zamardi_white_logo_main-removebg.webp","width":240,"height":145,"caption":"Lime Apartment Zam\u00e1rdi***"},"image":{"@id":"https:\/\/hungarofondo.hu\/lime\/#\/schema\/logo\/image\/"},"sameAs":["https:\/\/www.facebook.com\/lime.apartment.zamardi","https:\/\/www.instagram.com\/limeapartmentzamardi"]}]}},"jetpack_sharing_enabled":true,"uagb_featured_image_src":{"full":false,"thumbnail":false,"medium":false,"medium_large":false,"large":false,"1536x1536":false,"2048x2048":false},"uagb_author_info":{"display_name":"a","author_link":"https:\/\/hungarofondo.hu\/lime\/index.php\/author\/anita\/"},"uagb_comment_info":0,"uagb_excerpt":null,"_links":{"self":[{"href":"https:\/\/hungarofondo.hu\/lime\/index.php\/wp-json\/wp\/v2\/pages\/750","targetHints":{"allow":["GET"]}}],"collection":[{"href":"https:\/\/hungarofondo.hu\/lime\/index.php\/wp-json\/wp\/v2\/pages"}],"about":[{"href":"https:\/\/hungarofondo.hu\/lime\/index.php\/wp-json\/wp\/v2\/types\/page"}],"author":[{"embeddable":true,"href":"https:\/\/hungarofondo.hu\/lime\/index.php\/wp-json\/wp\/v2\/users\/2"}],"replies":[{"embeddable":true,"href":"https:\/\/hungarofondo.hu\/lime\/index.php\/wp-json\/wp\/v2\/comments?post=750"}],"version-history":[{"count":1,"href":"https:\/\/hungarofondo.hu\/lime\/index.php\/wp-json\/wp\/v2\/pages\/750\/revisions"}],"predecessor-version":[{"id":753,"href":"https:\/\/hungarofondo.hu\/lime\/index.php\/wp-json\/wp\/v2\/pages\/750\/revisions\/753"}],"wp:attachment":[{"href":"https:\/\/hungarofondo.hu\/lime\/index.php\/wp-json\/wp\/v2\/media?parent=750"}],"curies":[{"name":"wp","href":"https:\/\/api.w.org\/{rel}","templated":true}]}}