{"id":563,"date":"2024-12-05T11:34:43","date_gmt":"2024-12-05T11:34:43","guid":{"rendered":"https:\/\/hungarofondo.hu\/lime\/?page_id=563"},"modified":"2024-12-05T11:34:45","modified_gmt":"2024-12-05T11:34:45","slug":"impresszum","status":"publish","type":"page","link":"https:\/\/hungarofondo.hu\/lime\/index.php\/impresszum\/","title":{"rendered":"Impresszum"},"content":{"rendered":"\n<div class=\"wp-block-uagb-container uagb-block-1e9419dd alignfull uagb-is-root-container\"><div class=\"uagb-container-inner-blocks-wrap\">\n<p><strong>Sz\u00e1ll\u00e1shely- szolg\u00e1ltat\u00f3 neve: <\/strong>Steiner Gy\u00f6rgy Istv\u00e1n ad\u00f3sz\u00e1mos mag\u00e1nszem\u00e9ly<\/p>\n\n\n\n<p><strong>Sz\u00e1ll\u00e1shely szolg\u00e1ltat\u00f3 sz\u00e9khelye:<\/strong> 8621 Zam\u00e1rdi, H\u00e1rsfa utca 9. A. 1.<\/p>\n\n\n\n<p><strong>Sz\u00e1ll\u00e1shely szolg\u00e1ltat\u00f3 ad\u00f3sz\u00e1ma: <\/strong>41893186-1-34<\/p>\n\n\n\n<p><strong>Sz\u00e1ll\u00e1shely-szolg\u00e1ltat\u00e1si tev\u00e9kenys\u00e9g t\u00edpusa:<\/strong> Mag\u00e1nsz\u00e1ll\u00e1shely szolg\u00e1ltat\u00e1s<\/p>\n\n\n\n<p><strong>Sz\u00e1ll\u00e1shely neve \u00e9s c\u00edme: <\/strong>Lime Apartment Zam\u00e1rdi, 8621 Zam\u00e1rdi, H\u00e1rsfa utca 9. A. 1.<\/p>\n\n\n\n<p><strong>Sz\u00e1ll\u00e1shely szolg\u00e1ltat\u00f3 \u00e1ltal \u00fczemeltetett weboldal c\u00edme:<\/strong> <a href=\"http:\/\/www.limeapartment.hu\">www.limeapartment.hu<\/a><\/p>\n\n\n\n<p><strong>T\u00e1rhely szolg\u00e1ltat\u00f3: <\/strong>T\u00e1rhely.Eu Szolg\u00e1ltat\u00f3 Kft.<\/p>\n\n\n\n<p><strong>T\u00e1rhely szolg\u00e1ltat\u00f3 telefonsz\u00e1ma:<\/strong> <a href=\"tel:+36%201%20789-2-789\">+36 1 789-2-789<\/a><\/p>\n\n\n\n<p><strong>T\u00e1rhely szolg\u00e1ltat\u00f3 sz\u00e9khelye: <\/strong>1097\u00a0Budapest,\u00a0K\u00f6nyves K\u00e1lm\u00e1n k\u00f6r\u00fat 12-14.<\/p>\n\n\n\n<p><strong>T\u00e1rhely szolg\u00e1ltat\u00f3 weboldala:<\/strong> <a href=\"https:\/\/tarhely.eu\/\">tarhely.eu<\/a><\/p>\n<\/div><\/div>\n","protected":false},"excerpt":{"rendered":"<p>Sz\u00e1ll\u00e1shely- szolg\u00e1ltat\u00f3 neve: Steiner Gy\u00f6rgy Istv\u00e1n ad\u00f3sz\u00e1mos mag\u00e1nszem\u00e9ly Sz\u00e1ll\u00e1shely szolg\u00e1ltat\u00f3 sz\u00e9khelye: 8621 Zam\u00e1rdi, H\u00e1rsfa utca 9. A. 1. Sz\u00e1ll\u00e1shely szolg\u00e1ltat\u00f3 ad\u00f3sz\u00e1ma: 41893186-1-34 Sz\u00e1ll\u00e1shely-szolg\u00e1ltat\u00e1si tev\u00e9kenys\u00e9g t\u00edpusa: Mag\u00e1nsz\u00e1ll\u00e1shely szolg\u00e1ltat\u00e1s Sz\u00e1ll\u00e1shely neve \u00e9s c\u00edme: Lime Apartment Zam\u00e1rdi, 8621 Zam\u00e1rdi, H\u00e1rsfa utca 9. A. 1. Sz\u00e1ll\u00e1shely szolg\u00e1ltat\u00f3 \u00e1ltal \u00fczemeltetett weboldal c\u00edme: www.limeapartment.hu T\u00e1rhely szolg\u00e1ltat\u00f3: T\u00e1rhely.Eu Szolg\u00e1ltat\u00f3 Kft. T\u00e1rhely szolg\u00e1ltat\u00f3 [&hellip;]<\/p>\n","protected":false},"author":2,"featured_media":0,"parent":0,"menu_order":0,"comment_status":"closed","ping_status":"closed","template":"","meta":{"_uag_custom_page_level_css":"","footnotes":""},"class_list":["post-563","page","type-page","status-publish","hentry"],"yoast_head":"<!-- This site is optimized with the Yoast SEO plugin v24.1 - https:\/\/yoast.com\/wordpress\/plugins\/seo\/ -->\n<title>Impresszum - Lime Apartment Zam&aacute;rdi***<\/title>\n<meta name=\"robots\" content=\"index, follow, max-snippet:-1, max-image-preview:large, max-video-preview:-1\" \/>\n<link rel=\"canonical\" href=\"https:\/\/hungarofondo.hu\/lime\/index.php\/impresszum\/\" \/>\n<meta property=\"og:locale\" content=\"hu_HU\" \/>\n<meta property=\"og:type\" content=\"article\" \/>\n<meta property=\"og:title\" content=\"Impresszum - Lime Apartment Zam&aacute;rdi***\" \/>\n<meta property=\"og:description\" content=\"Sz\u00e1ll\u00e1shely- szolg\u00e1ltat\u00f3 neve: Steiner Gy\u00f6rgy Istv\u00e1n ad\u00f3sz\u00e1mos mag\u00e1nszem\u00e9ly Sz\u00e1ll\u00e1shely szolg\u00e1ltat\u00f3 sz\u00e9khelye: 8621 Zam\u00e1rdi, H\u00e1rsfa utca 9. A. 1. Sz\u00e1ll\u00e1shely szolg\u00e1ltat\u00f3 ad\u00f3sz\u00e1ma: 41893186-1-34 Sz\u00e1ll\u00e1shely-szolg\u00e1ltat\u00e1si tev\u00e9kenys\u00e9g t\u00edpusa: Mag\u00e1nsz\u00e1ll\u00e1shely szolg\u00e1ltat\u00e1s Sz\u00e1ll\u00e1shely neve \u00e9s c\u00edme: Lime Apartment Zam\u00e1rdi, 8621 Zam\u00e1rdi, H\u00e1rsfa utca 9. A. 1. Sz\u00e1ll\u00e1shely szolg\u00e1ltat\u00f3 \u00e1ltal \u00fczemeltetett weboldal c\u00edme: www.limeapartment.hu T\u00e1rhely szolg\u00e1ltat\u00f3: T\u00e1rhely.Eu Szolg\u00e1ltat\u00f3 Kft. T\u00e1rhely szolg\u00e1ltat\u00f3 [&hellip;]\" \/>\n<meta property=\"og:url\" content=\"https:\/\/hungarofondo.hu\/lime\/index.php\/impresszum\/\" \/>\n<meta property=\"og:site_name\" content=\"Lime Apartment Zam&aacute;rdi***\" \/>\n<meta property=\"article:publisher\" content=\"https:\/\/www.facebook.com\/lime.apartment.zamardi\" \/>\n<meta property=\"article:modified_time\" content=\"2024-12-05T11:34:45+00:00\" \/>\n<meta name=\"twitter:card\" content=\"summary_large_image\" \/>\n<meta name=\"twitter:label1\" content=\"Becs\u00fclt olvas\u00e1si id\u0151\" \/>\n\t<meta name=\"twitter:data1\" content=\"1 perc\" \/>\n<script type=\"application\/ld+json\" class=\"yoast-schema-graph\">{\"@context\":\"https:\/\/schema.org\",\"@graph\":[{\"@type\":\"WebPage\",\"@id\":\"https:\/\/hungarofondo.hu\/lime\/index.php\/impresszum\/\",\"url\":\"https:\/\/hungarofondo.hu\/lime\/index.php\/impresszum\/\",\"name\":\"Impresszum - Lime Apartment Zam&aacute;rdi***\",\"isPartOf\":{\"@id\":\"https:\/\/hungarofondo.hu\/lime\/#website\"},\"datePublished\":\"2024-12-05T11:34:43+00:00\",\"dateModified\":\"2024-12-05T11:34:45+00:00\",\"breadcrumb\":{\"@id\":\"https:\/\/hungarofondo.hu\/lime\/index.php\/impresszum\/#breadcrumb\"},\"inLanguage\":\"hu\",\"potentialAction\":[{\"@type\":\"ReadAction\",\"target\":[\"https:\/\/hungarofondo.hu\/lime\/index.php\/impresszum\/\"]}]},{\"@type\":\"BreadcrumbList\",\"@id\":\"https:\/\/hungarofondo.hu\/lime\/index.php\/impresszum\/#breadcrumb\",\"itemListElement\":[{\"@type\":\"ListItem\",\"position\":1,\"name\":\"Kezd\u0151lap\",\"item\":\"https:\/\/hungarofondo.hu\/lime\/\"},{\"@type\":\"ListItem\",\"position\":2,\"name\":\"Impresszum\"}]},{\"@type\":\"WebSite\",\"@id\":\"https:\/\/hungarofondo.hu\/lime\/#website\",\"url\":\"https:\/\/hungarofondo.hu\/lime\/\",\"name\":\"Lime Apartment Zam\u00e1rdi***\",\"description\":\"Csal\u00e1dbar\u00e1t, ker\u00e9kp\u00e1ros sz\u00e1ll\u00e1shely a Balatonn\u00e1l\",\"publisher\":{\"@id\":\"https:\/\/hungarofondo.hu\/lime\/#organization\"},\"potentialAction\":[{\"@type\":\"SearchAction\",\"target\":{\"@type\":\"EntryPoint\",\"urlTemplate\":\"https:\/\/hungarofondo.hu\/lime\/?s={search_term_string}\"},\"query-input\":{\"@type\":\"PropertyValueSpecification\",\"valueRequired\":true,\"valueName\":\"search_term_string\"}}],\"inLanguage\":\"hu\"},{\"@type\":\"Organization\",\"@id\":\"https:\/\/hungarofondo.hu\/lime\/#organization\",\"name\":\"Lime Apartment Zam\u00e1rdi***\",\"url\":\"https:\/\/hungarofondo.hu\/lime\/\",\"logo\":{\"@type\":\"ImageObject\",\"inLanguage\":\"hu\",\"@id\":\"https:\/\/hungarofondo.hu\/lime\/#\/schema\/logo\/image\/\",\"url\":\"https:\/\/hungarofondo.hu\/lime\/wp-content\/uploads\/2024\/11\/cropped-Lime_Apartment_Zamardi_white_logo_main-removebg.webp\",\"contentUrl\":\"https:\/\/hungarofondo.hu\/lime\/wp-content\/uploads\/2024\/11\/cropped-Lime_Apartment_Zamardi_white_logo_main-removebg.webp\",\"width\":240,\"height\":145,\"caption\":\"Lime Apartment Zam\u00e1rdi***\"},\"image\":{\"@id\":\"https:\/\/hungarofondo.hu\/lime\/#\/schema\/logo\/image\/\"},\"sameAs\":[\"https:\/\/www.facebook.com\/lime.apartment.zamardi\",\"https:\/\/www.instagram.com\/limeapartmentzamardi\"]}]}<\/script>\n<!-- \/ Yoast SEO plugin. -->","yoast_head_json":{"title":"Impresszum - Lime Apartment Zam&aacute;rdi***","robots":{"index":"index","follow":"follow","max-snippet":"max-snippet:-1","max-image-preview":"max-image-preview:large","max-video-preview":"max-video-preview:-1"},"canonical":"https:\/\/hungarofondo.hu\/lime\/index.php\/impresszum\/","og_locale":"hu_HU","og_type":"article","og_title":"Impresszum - Lime Apartment Zam&aacute;rdi***","og_description":"Sz\u00e1ll\u00e1shely- szolg\u00e1ltat\u00f3 neve: Steiner Gy\u00f6rgy Istv\u00e1n ad\u00f3sz\u00e1mos mag\u00e1nszem\u00e9ly Sz\u00e1ll\u00e1shely szolg\u00e1ltat\u00f3 sz\u00e9khelye: 8621 Zam\u00e1rdi, H\u00e1rsfa utca 9. A. 1. Sz\u00e1ll\u00e1shely szolg\u00e1ltat\u00f3 ad\u00f3sz\u00e1ma: 41893186-1-34 Sz\u00e1ll\u00e1shely-szolg\u00e1ltat\u00e1si tev\u00e9kenys\u00e9g t\u00edpusa: Mag\u00e1nsz\u00e1ll\u00e1shely szolg\u00e1ltat\u00e1s Sz\u00e1ll\u00e1shely neve \u00e9s c\u00edme: Lime Apartment Zam\u00e1rdi, 8621 Zam\u00e1rdi, H\u00e1rsfa utca 9. A. 1. Sz\u00e1ll\u00e1shely szolg\u00e1ltat\u00f3 \u00e1ltal \u00fczemeltetett weboldal c\u00edme: www.limeapartment.hu T\u00e1rhely szolg\u00e1ltat\u00f3: T\u00e1rhely.Eu Szolg\u00e1ltat\u00f3 Kft. T\u00e1rhely szolg\u00e1ltat\u00f3 [&hellip;]","og_url":"https:\/\/hungarofondo.hu\/lime\/index.php\/impresszum\/","og_site_name":"Lime Apartment Zam&aacute;rdi***","article_publisher":"https:\/\/www.facebook.com\/lime.apartment.zamardi","article_modified_time":"2024-12-05T11:34:45+00:00","twitter_card":"summary_large_image","twitter_misc":{"Becs\u00fclt olvas\u00e1si id\u0151":"1 perc"},"schema":{"@context":"https:\/\/schema.org","@graph":[{"@type":"WebPage","@id":"https:\/\/hungarofondo.hu\/lime\/index.php\/impresszum\/","url":"https:\/\/hungarofondo.hu\/lime\/index.php\/impresszum\/","name":"Impresszum - Lime Apartment Zam&aacute;rdi***","isPartOf":{"@id":"https:\/\/hungarofondo.hu\/lime\/#website"},"datePublished":"2024-12-05T11:34:43+00:00","dateModified":"2024-12-05T11:34:45+00:00","breadcrumb":{"@id":"https:\/\/hungarofondo.hu\/lime\/index.php\/impresszum\/#breadcrumb"},"inLanguage":"hu","potentialAction":[{"@type":"ReadAction","target":["https:\/\/hungarofondo.hu\/lime\/index.php\/impresszum\/"]}]},{"@type":"BreadcrumbList","@id":"https:\/\/hungarofondo.hu\/lime\/index.php\/impresszum\/#breadcrumb","itemListElement":[{"@type":"ListItem","position":1,"name":"Kezd\u0151lap","item":"https:\/\/hungarofondo.hu\/lime\/"},{"@type":"ListItem","position":2,"name":"Impresszum"}]},{"@type":"WebSite","@id":"https:\/\/hungarofondo.hu\/lime\/#website","url":"https:\/\/hungarofondo.hu\/lime\/","name":"Lime Apartment Zam\u00e1rdi***","description":"Csal\u00e1dbar\u00e1t, ker\u00e9kp\u00e1ros sz\u00e1ll\u00e1shely a Balatonn\u00e1l","publisher":{"@id":"https:\/\/hungarofondo.hu\/lime\/#organization"},"potentialAction":[{"@type":"SearchAction","target":{"@type":"EntryPoint","urlTemplate":"https:\/\/hungarofondo.hu\/lime\/?s={search_term_string}"},"query-input":{"@type":"PropertyValueSpecification","valueRequired":true,"valueName":"search_term_string"}}],"inLanguage":"hu"},{"@type":"Organization","@id":"https:\/\/hungarofondo.hu\/lime\/#organization","name":"Lime Apartment Zam\u00e1rdi***","url":"https:\/\/hungarofondo.hu\/lime\/","logo":{"@type":"ImageObject","inLanguage":"hu","@id":"https:\/\/hungarofondo.hu\/lime\/#\/schema\/logo\/image\/","url":"https:\/\/hungarofondo.hu\/lime\/wp-content\/uploads\/2024\/11\/cropped-Lime_Apartment_Zamardi_white_logo_main-removebg.webp","contentUrl":"https:\/\/hungarofondo.hu\/lime\/wp-content\/uploads\/2024\/11\/cropped-Lime_Apartment_Zamardi_white_logo_main-removebg.webp","width":240,"height":145,"caption":"Lime Apartment Zam\u00e1rdi***"},"image":{"@id":"https:\/\/hungarofondo.hu\/lime\/#\/schema\/logo\/image\/"},"sameAs":["https:\/\/www.facebook.com\/lime.apartment.zamardi","https:\/\/www.instagram.com\/limeapartmentzamardi"]}]}},"jetpack_sharing_enabled":true,"uagb_featured_image_src":{"full":false,"thumbnail":false,"medium":false,"medium_large":false,"large":false,"1536x1536":false,"2048x2048":false},"uagb_author_info":{"display_name":"a","author_link":"https:\/\/hungarofondo.hu\/lime\/index.php\/author\/anita\/"},"uagb_comment_info":0,"uagb_excerpt":"Sz\u00e1ll\u00e1shely- szolg\u00e1ltat\u00f3 neve: Steiner Gy\u00f6rgy Istv\u00e1n ad\u00f3sz\u00e1mos mag\u00e1nszem\u00e9ly Sz\u00e1ll\u00e1shely szolg\u00e1ltat\u00f3 sz\u00e9khelye: 8621 Zam\u00e1rdi, H\u00e1rsfa utca 9. A. 1. Sz\u00e1ll\u00e1shely szolg\u00e1ltat\u00f3 ad\u00f3sz\u00e1ma: 41893186-1-34 Sz\u00e1ll\u00e1shely-szolg\u00e1ltat\u00e1si tev\u00e9kenys\u00e9g t\u00edpusa: Mag\u00e1nsz\u00e1ll\u00e1shely szolg\u00e1ltat\u00e1s Sz\u00e1ll\u00e1shely neve \u00e9s c\u00edme: Lime Apartment Zam\u00e1rdi, 8621 Zam\u00e1rdi, H\u00e1rsfa utca 9. A. 1. Sz\u00e1ll\u00e1shely szolg\u00e1ltat\u00f3 \u00e1ltal \u00fczemeltetett weboldal c\u00edme: www.limeapartment.hu T\u00e1rhely szolg\u00e1ltat\u00f3: T\u00e1rhely.Eu Szolg\u00e1ltat\u00f3 Kft. T\u00e1rhely szolg\u00e1ltat\u00f3&hellip;","_links":{"self":[{"href":"https:\/\/hungarofondo.hu\/lime\/index.php\/wp-json\/wp\/v2\/pages\/563","targetHints":{"allow":["GET"]}}],"collection":[{"href":"https:\/\/hungarofondo.hu\/lime\/index.php\/wp-json\/wp\/v2\/pages"}],"about":[{"href":"https:\/\/hungarofondo.hu\/lime\/index.php\/wp-json\/wp\/v2\/types\/page"}],"author":[{"embeddable":true,"href":"https:\/\/hungarofondo.hu\/lime\/index.php\/wp-json\/wp\/v2\/users\/2"}],"replies":[{"embeddable":true,"href":"https:\/\/hungarofondo.hu\/lime\/index.php\/wp-json\/wp\/v2\/comments?post=563"}],"version-history":[{"count":1,"href":"https:\/\/hungarofondo.hu\/lime\/index.php\/wp-json\/wp\/v2\/pages\/563\/revisions"}],"predecessor-version":[{"id":565,"href":"https:\/\/hungarofondo.hu\/lime\/index.php\/wp-json\/wp\/v2\/pages\/563\/revisions\/565"}],"wp:attachment":[{"href":"https:\/\/hungarofondo.hu\/lime\/index.php\/wp-json\/wp\/v2\/media?parent=563"}],"curies":[{"name":"wp","href":"https:\/\/api.w.org\/{rel}","templated":true}]}}