{"id":107,"date":"2024-11-25T09:36:36","date_gmt":"2024-11-25T09:36:36","guid":{"rendered":"https:\/\/hungarofondo.hu\/lime\/?page_id=107"},"modified":"2024-12-11T11:18:15","modified_gmt":"2024-12-11T11:18:15","slug":"arak","status":"publish","type":"page","link":"https:\/\/hungarofondo.hu\/lime\/index.php\/arak\/","title":{"rendered":"\u00c1rak"},"content":{"rendered":"\n<div class=\"wp-block-group alignfull has-global-padding is-layout-constrained wp-container-core-group-is-layout-5 wp-block-group-is-layout-constrained\" style=\"margin-top:0;margin-bottom:0;padding-top:var(--wp--preset--spacing--10);padding-right:var(--wp--preset--spacing--50);padding-bottom:var(--wp--preset--spacing--10);padding-left:var(--wp--preset--spacing--50)\">\n<div class=\"wp-block-group alignwide has-base-2-background-color has-background has-global-padding is-layout-constrained wp-container-core-group-is-layout-4 wp-block-group-is-layout-constrained\" style=\"border-radius:16px;padding-top:var(--wp--preset--spacing--30);padding-right:var(--wp--preset--spacing--40);padding-bottom:var(--wp--preset--spacing--30);padding-left:var(--wp--preset--spacing--40)\">\n<div class=\"wp-block-group is-nowrap is-layout-flex wp-container-core-group-is-layout-2 wp-block-group-is-layout-flex\">\n<div class=\"wp-block-group alignwide is-vertical is-content-justification-stretch is-layout-flex wp-container-core-group-is-layout-1 wp-block-group-is-layout-flex\">\n<h2 class=\"wp-block-heading has-text-align-left has-x-large-font-size\">Teljes h\u00e1z 10 f\u0151re<\/h2>\n\n\n\n<p class=\"has-text-align-center\" style=\"margin-top:var(--wp--preset--spacing--10);font-size:clamp(0.875rem, 0.875rem + ((1vw - 0.2rem) * 0.417), 1.125rem);\">Maxim\u00e1lis kapacit\u00e1s: 10 f\u0151 <br>(6 f\u0151 norm\u00e1l + 4 f\u0151 p\u00f3t\u00e1gyon)<\/p>\n<\/div>\n\n\n\n<div class=\"wp-block-uagb-image uagb-block-7f5660a0 wp-block-uagb-image--layout-default wp-block-uagb-image--effect-static wp-block-uagb-image--align-none\"><figure class=\"wp-block-uagb-image__figure\"><img decoding=\"async\" srcset=\"https:\/\/hungarofondo.hu\/lime\/wp-content\/uploads\/2024\/12\/IMG_1318-1024x768.jpg ,https:\/\/hungarofondo.hu\/lime\/wp-content\/uploads\/2024\/12\/IMG_1318-scaled.jpg 780w, https:\/\/hungarofondo.hu\/lime\/wp-content\/uploads\/2024\/12\/IMG_1318-scaled.jpg 360w\" sizes=\"auto, (max-width: 480px) 150px\" src=\"https:\/\/hungarofondo.hu\/lime\/wp-content\/uploads\/2024\/12\/IMG_1318-1024x768.jpg\" alt=\"\" class=\"uag-image-597\" width=\"244\" height=\"183\" title=\"IMG_1318\" loading=\"lazy\" role=\"img\"\/><\/figure><\/div>\n<\/div>\n\n\n\n<div class=\"wp-block-columns alignwide is-layout-flex wp-container-core-columns-is-layout-1 wp-block-columns-is-layout-flex\">\n<div class=\"wp-block-column is-layout-flow wp-block-column-is-layout-flow\" style=\"border-top-color:var(--wp--preset--color--contrast);border-top-width:2px;padding-top:var(--wp--preset--spacing--30);padding-right:var(--wp--preset--spacing--30);padding-bottom:var(--wp--preset--spacing--10);padding-left:var(--wp--preset--spacing--30)\">\n<h5 class=\"wp-block-heading has-text-align-center has-x-large-font-size\">50.000 Ft \/ \u00e9j<\/h5>\n\n\n\n<div class=\"wp-block-group is-vertical is-content-justification-stretch is-layout-flex wp-container-core-group-is-layout-3 wp-block-group-is-layout-flex\">\n<p class=\"has-text-align-center has-medium-font-size\">norm\u00e1l id\u0151szakban, kiemelt id\u0151szakokon k\u00edv\u00fcl. <\/p>\n\n\n\n<p class=\"has-text-align-center has-medium-font-size\">Kiemelt id\u0151szakokra k\u00e9rje egyedi aj\u00e1nlatunkat.<\/p>\n\n\n\n<p class=\"has-text-align-center\"><strong>Kiemelt id\u0151szakok:<\/strong> <\/p>\n\n\n\n<p class=\"has-text-align-center\">\u00dcnnepnapok: H\u00fasv\u00e9t, P\u00fcnk\u00f6sd, Kar\u00e1csony \u00e9s szilveszter k\u00f6z\u00f6tti id\u0151szak<\/p>\n\n\n\n<p class=\"has-text-align-center\">Ny\u00e1ri id\u0151szak: j\u00falius 1. &#8211; augusztus 31.<\/p>\n\n\n\n<hr class=\"wp-block-separator has-text-color has-contrast-3-color has-alpha-channel-opacity has-contrast-3-background-color has-background is-style-wide\"\/>\n\n\n\n<p class=\"has-text-align-center\"><strong>Minim\u00e1lis tart\u00f3zkod\u00e1s hossza: <\/strong><\/p>\n\n\n\n<p class=\"has-text-align-center\">Szezonon k\u00edv\u00fcl: minimum 2 \u00e9j<\/p>\n\n\n\n<p class=\"has-text-align-center\">J\u00faliusban \u00e9s augusztusban: minimum 4 \u00e9j<\/p>\n\n\n\n<hr class=\"wp-block-separator has-text-color has-contrast-3-color has-alpha-channel-opacity has-contrast-3-background-color has-background is-style-wide\"\/>\n\n\n\n<p class=\"has-text-align-center\">Az \u00e1rak nem tartalmazz\u00e1k az&nbsp;<strong>Idegenforgalmi Ad\u00f3t<\/strong>&nbsp;(IFA), amely<strong>&nbsp;500&nbsp;Ft\/f\u0151\/\u00e9j, <\/strong>18 \u00e9ves kor felett.&nbsp;<\/p>\n\n\n\n<p class=\"has-text-align-center\">Fizet\u00e9si lehet\u0151s\u00e9gek: k\u00e9szp\u00e9nz, \u00e1tutal\u00e1s, OTP SZ\u00c9P k\u00e1rtya<\/p>\n\n\n\n<p class=\"has-text-align-center\">\u00c1RAINK FORINTBAN \u00c9RTEND\u0150EK \u00c9S TARTALMAZZ\u00c1K AZ \u00c1FA-T.<\/p>\n<\/div>\n\n\n\n<div class=\"wp-block-buttons is-content-justification-center is-layout-flex wp-container-core-buttons-is-layout-1 wp-block-buttons-is-layout-flex\">\n<div class=\"wp-block-button has-custom-width wp-block-button__width-100 has-custom-font-size is-style-fill has-large-font-size\"><a class=\"wp-block-button__link wp-element-button\" href=\"https:\/\/hungarofondo.hu\/lime\/index.php\/kapcsolat\/#foglalas\">FOGLAL\u00c1S MOST<\/a><\/div>\n<\/div>\n<\/div>\n<\/div>\n\n\n\n<p class=\"has-large-font-size\">Foglal\u00e1si \u00e9s lemond\u00e1si felt\u00e9telek<\/p>\n\n\n\n<p>A foglal\u00e1s a foglal\u00e1si \u00e9s lemond\u00e1si felt\u00e9telek illetve az ASZF elfogad\u00e1s\u00e1val, a teljes sz\u00e1ll\u00e1sd\u00edj 30 %-\u00e1nak el\u0151re t\u00f6rt\u00e9n\u0151 megfizet\u00e9se \u00e9s annak visszaigazol\u00e1sa ut\u00e1n \u00e9rv\u00e9nyes. Amennyiben a k\u00e9rt \u00f6sszeg a megjel\u00f6lt hat\u00e1rnapig nem \u00e9rkezik meg, Szolg\u00e1ltat\u00f3 aj\u00e1nlati \u00e9s szolg\u00e1ltat\u00e1si k\u00f6telezetts\u00e9ge is megsz\u0171nik.<\/p>\n\n\n\n<p>A 30 % megfizet\u00e9se t\u00f6rt\u00e9nhet \u00e1tutal\u00e1ssal \u00e9s OTP Sz\u00e9p K\u00e1rty\u00e1val. A fennmarad\u00f3 sz\u00e1ll\u00e1sd\u00edj a kulcs \u00e1tv\u00e9telekor k\u00e9szp\u00e9nzben illetve OTP Sz\u00e9p K\u00e1rty\u00e1val fizetend\u0151. Lemond\u00e1s eset\u00e9n a 30 %-ot nem tudjuk visszat\u00e9r\u00edteni. Kiemelt id\u0151szak: Szilveszter- Szilveszteri foglal\u00e1s\u00e1t a teljes sz\u00e1ll\u00e1sd\u00edj 50 %-\u00e1nak megfizet\u00e9s\u00e9vel tudja a Vend\u00e9g<\/p>\n\n\n\n<p class=\"has-large-font-size\">Bejelentkez\u00e9s \/ kijelentkez\u00e9s<\/p>\n\n\n\n<p><strong>Bejelentkez\u00e9s:<\/strong>&nbsp;szem\u00e9lyes bejelentkez\u00e9s alapesetben 15:00 \u00f3ra \u00e9s 20:00 \u00f3ra k\u00f6z\u00f6tt lehets\u00e9ges (az ett\u0151l elt\u00e9r\u0151 id\u0151pontot egyeztetni sz\u00fcks\u00e9ges).&nbsp;<\/p>\n\n\n\n<p>A sz\u00e1ll\u00e1shelyen egy\u00e9ni bejelentkez\u00e9sre (self check-in) is lehet\u0151s\u00e9g van, \u00edgy el\u0151fordulhat, hogy a sz\u00e1ll\u00e1sad\u00f3 nincs jelen a bejelentkez\u00e9sn\u00e9l.<\/p>\n\n\n\n<p><strong>Kijelentkez\u00e9s:<\/strong>&nbsp;10:00 \u00f3r\u00e1ig (az ett\u0151l elt\u00e9r\u0151 id\u0151pontot egyeztetni sz\u00fcks\u00e9ges).<\/p>\n\n\n\n<p><strong>Bejelentkez\u00e9si felt\u00e9telek:<\/strong><\/p>\n\n\n\n<ul class=\"wp-block-list\">\n<li>Bejelentkez\u00e9skor k\u00f6telez\u0151 a szem\u00e9lyes okm\u00e1nyok bemutat\u00e1sa a vend\u00e9gl\u00e1t\u00f3nak, melyet t\u00f6rv\u00e9ny \u00edr el\u0151. Ennek hi\u00e1ny\u00e1ban a sz\u00e1ll\u00e1shely szolg\u00e1ltat\u00f3 k\u00f6teles megtagadni a sz\u00e1ll\u00e1shely szolg\u00e1ltat\u00e1st. Tov\u00e1bbi inform\u00e1ci\u00f3k az <a href=\"https:\/\/hungarofondo.hu\/lime\/index.php\/altalanos-szerzodesi-feltetelek\/\">\u00c1SZF-ben<\/a>.<\/li>\n<\/ul>\n\n\n\n<p class=\"has-large-font-size\">Egy\u00e9b felt\u00e9telek<\/p>\n\n\n\n<ul class=\"wp-block-list\">\n<li>18 \u00e9ves kor alatti gyermeket sz\u00fcl\u0151i fel\u00fcgyelet n\u00e9lk\u00fcl nem fogadunk.<\/li>\n\n\n\n<li>H\u00e1zi\u00e1llatot nem fogadunk.<\/li>\n\n\n\n<li>Doh\u00e1nyz\u00e1s kiz\u00e1r\u00f3lag k\u00fclt\u00e9ren lehets\u00e9ges.<\/li>\n\n\n\n<li>Napi takar\u00edt\u00e1s, t\u00f6r\u00fclk\u00f6z\u0151 \u00e9s \u00e1gynem\u0171csere nincs. Az \u00e1r a v\u00e9gtakar\u00edt\u00e1st tartalmazza.<\/li>\n<\/ul>\n\n\n\n<div class=\"wp-block-uagb-separator uagb-block-670aa13b\"><div class=\"wp-block-uagb-separator__inner\" style=\"--my-background-image:url(&quot;data:image\/svg+xml,%3Csvg width='16' height='16' viewBox='0 0 16 16' fill='none' xmlns='http:\/\/www.w3.org\/2000\/svg'%3E%3Cg clip-path='url(%23clip0_2356_5631)'%3E%3Cpath d='M15 1C10.5 1 9 2.5 9 7C13.5 7 15 5.5 15 1Z' stroke='black'\/%3E%3Cpath d='M1 1C5.5 1 7 2.5 7 7C2.5 7 1 5.5 1 1Z' stroke='black'\/%3E%3Cpath d='M15 15C10.5 15 9 13.5 9 9C13.5 9 15 10.5 15 15Z' stroke='black'\/%3E%3Cpath d='M1 15C5.5 15 7 13.5 7 9C2.5 9 1 10.5 1 15Z' stroke='black'\/%3E%3C\/g%3E%3Cdefs%3E%3CclipPath id='clip0_2356_5631'%3E%3Crect width='16' height='16' fill='white'\/%3E%3C\/clipPath%3E%3C\/defs%3E%3C\/svg%3E&quot;)\"><\/div><\/div>\n\n\n\n<div class=\"wp-block-uagb-call-to-action uagb-block-0880273f wp-block-button\"><div class=\"uagb-cta__wrap\"><h4 class=\"uagb-cta__title\">\u00c1ltal\u00e1nos Szerz\u0151d\u00e9si Felt\u00e9telek<\/h4><p class=\"uagb-cta__desc\">Kattintson ide a r\u00e9szletes szerz\u0151d\u00e9si felt\u00e9telek megismer\u00e9s\u00e9hez.<\/p><\/div><div class=\"uagb-cta__buttons\"><a href=\"https:\/\/hungarofondo.hu\/lime\/index.php\/altalanos-szerzodesi-feltetelek\/\" class=\"uagb-cta__button-link-wrapper wp-block-button__link\" target=\"_blank\" rel=\"noopener noreferrer\">Tov\u00e1bbi inform\u00e1ci\u00f3k <\/a><\/div><\/div>\n<\/div>\n<\/div>\n","protected":false},"excerpt":{"rendered":"<p>Teljes h\u00e1z 10 f\u0151re Maxim\u00e1lis kapacit\u00e1s: 10 f\u0151 (6 f\u0151 norm\u00e1l + 4 f\u0151 p\u00f3t\u00e1gyon) 50.000 Ft \/ \u00e9j norm\u00e1l id\u0151szakban, kiemelt id\u0151szakokon k\u00edv\u00fcl. Kiemelt id\u0151szakokra k\u00e9rje egyedi aj\u00e1nlatunkat. Kiemelt id\u0151szakok: \u00dcnnepnapok: H\u00fasv\u00e9t, P\u00fcnk\u00f6sd, Kar\u00e1csony \u00e9s szilveszter k\u00f6z\u00f6tti id\u0151szak Ny\u00e1ri id\u0151szak: j\u00falius 1. &#8211; augusztus 31. Minim\u00e1lis tart\u00f3zkod\u00e1s hossza: Szezonon k\u00edv\u00fcl: minimum 2 \u00e9j J\u00faliusban [&hellip;]<\/p>\n","protected":false},"author":2,"featured_media":0,"parent":0,"menu_order":0,"comment_status":"closed","ping_status":"closed","template":"","meta":{"_uag_custom_page_level_css":"","footnotes":""},"class_list":["post-107","page","type-page","status-publish","hentry"],"yoast_head":"<!-- This site is optimized with the Yoast SEO plugin v24.1 - https:\/\/yoast.com\/wordpress\/plugins\/seo\/ -->\n<title>\u00c1rak - Lime Apartment Zam&aacute;rdi***<\/title>\n<meta name=\"robots\" content=\"index, follow, max-snippet:-1, max-image-preview:large, max-video-preview:-1\" \/>\n<link rel=\"canonical\" href=\"https:\/\/hungarofondo.hu\/lime\/index.php\/arak\/\" \/>\n<meta property=\"og:locale\" content=\"hu_HU\" \/>\n<meta property=\"og:type\" content=\"article\" \/>\n<meta property=\"og:title\" content=\"\u00c1rak - Lime Apartment Zam&aacute;rdi***\" \/>\n<meta property=\"og:description\" content=\"Teljes h\u00e1z 10 f\u0151re Maxim\u00e1lis kapacit\u00e1s: 10 f\u0151 (6 f\u0151 norm\u00e1l + 4 f\u0151 p\u00f3t\u00e1gyon) 50.000 Ft \/ \u00e9j norm\u00e1l id\u0151szakban, kiemelt id\u0151szakokon k\u00edv\u00fcl. Kiemelt id\u0151szakokra k\u00e9rje egyedi aj\u00e1nlatunkat. Kiemelt id\u0151szakok: \u00dcnnepnapok: H\u00fasv\u00e9t, P\u00fcnk\u00f6sd, Kar\u00e1csony \u00e9s szilveszter k\u00f6z\u00f6tti id\u0151szak Ny\u00e1ri id\u0151szak: j\u00falius 1. &#8211; augusztus 31. Minim\u00e1lis tart\u00f3zkod\u00e1s hossza: Szezonon k\u00edv\u00fcl: minimum 2 \u00e9j J\u00faliusban [&hellip;]\" \/>\n<meta property=\"og:url\" content=\"https:\/\/hungarofondo.hu\/lime\/index.php\/arak\/\" \/>\n<meta property=\"og:site_name\" content=\"Lime Apartment Zam&aacute;rdi***\" \/>\n<meta property=\"article:publisher\" content=\"https:\/\/www.facebook.com\/lime.apartment.zamardi\" \/>\n<meta property=\"article:modified_time\" content=\"2024-12-11T11:18:15+00:00\" \/>\n<meta property=\"og:image\" content=\"https:\/\/hungarofondo.hu\/lime\/wp-content\/uploads\/2024\/12\/IMG_1318-1024x768.jpg\" \/>\n<meta name=\"twitter:card\" content=\"summary_large_image\" \/>\n<meta name=\"twitter:label1\" content=\"Becs\u00fclt olvas\u00e1si id\u0151\" \/>\n\t<meta name=\"twitter:data1\" content=\"1 perc\" \/>\n<script type=\"application\/ld+json\" class=\"yoast-schema-graph\">{\"@context\":\"https:\/\/schema.org\",\"@graph\":[{\"@type\":\"WebPage\",\"@id\":\"https:\/\/hungarofondo.hu\/lime\/index.php\/arak\/\",\"url\":\"https:\/\/hungarofondo.hu\/lime\/index.php\/arak\/\",\"name\":\"\u00c1rak - Lime Apartment Zam&aacute;rdi***\",\"isPartOf\":{\"@id\":\"https:\/\/hungarofondo.hu\/lime\/#website\"},\"primaryImageOfPage\":{\"@id\":\"https:\/\/hungarofondo.hu\/lime\/index.php\/arak\/#primaryimage\"},\"image\":{\"@id\":\"https:\/\/hungarofondo.hu\/lime\/index.php\/arak\/#primaryimage\"},\"thumbnailUrl\":\"https:\/\/hungarofondo.hu\/lime\/wp-content\/uploads\/2024\/12\/IMG_1318-1024x768.jpg\",\"datePublished\":\"2024-11-25T09:36:36+00:00\",\"dateModified\":\"2024-12-11T11:18:15+00:00\",\"breadcrumb\":{\"@id\":\"https:\/\/hungarofondo.hu\/lime\/index.php\/arak\/#breadcrumb\"},\"inLanguage\":\"hu\",\"potentialAction\":[{\"@type\":\"ReadAction\",\"target\":[\"https:\/\/hungarofondo.hu\/lime\/index.php\/arak\/\"]}]},{\"@type\":\"ImageObject\",\"inLanguage\":\"hu\",\"@id\":\"https:\/\/hungarofondo.hu\/lime\/index.php\/arak\/#primaryimage\",\"url\":\"https:\/\/hungarofondo.hu\/lime\/wp-content\/uploads\/2024\/12\/IMG_1318-scaled.jpg\",\"contentUrl\":\"https:\/\/hungarofondo.hu\/lime\/wp-content\/uploads\/2024\/12\/IMG_1318-scaled.jpg\",\"width\":2560,\"height\":1920,\"caption\":\"Kert\"},{\"@type\":\"BreadcrumbList\",\"@id\":\"https:\/\/hungarofondo.hu\/lime\/index.php\/arak\/#breadcrumb\",\"itemListElement\":[{\"@type\":\"ListItem\",\"position\":1,\"name\":\"Kezd\u0151lap\",\"item\":\"https:\/\/hungarofondo.hu\/lime\/\"},{\"@type\":\"ListItem\",\"position\":2,\"name\":\"\u00c1rak\"}]},{\"@type\":\"WebSite\",\"@id\":\"https:\/\/hungarofondo.hu\/lime\/#website\",\"url\":\"https:\/\/hungarofondo.hu\/lime\/\",\"name\":\"Lime Apartment Zam\u00e1rdi***\",\"description\":\"Csal\u00e1dbar\u00e1t, ker\u00e9kp\u00e1ros sz\u00e1ll\u00e1shely a Balatonn\u00e1l\",\"publisher\":{\"@id\":\"https:\/\/hungarofondo.hu\/lime\/#organization\"},\"potentialAction\":[{\"@type\":\"SearchAction\",\"target\":{\"@type\":\"EntryPoint\",\"urlTemplate\":\"https:\/\/hungarofondo.hu\/lime\/?s={search_term_string}\"},\"query-input\":{\"@type\":\"PropertyValueSpecification\",\"valueRequired\":true,\"valueName\":\"search_term_string\"}}],\"inLanguage\":\"hu\"},{\"@type\":\"Organization\",\"@id\":\"https:\/\/hungarofondo.hu\/lime\/#organization\",\"name\":\"Lime Apartment Zam\u00e1rdi***\",\"url\":\"https:\/\/hungarofondo.hu\/lime\/\",\"logo\":{\"@type\":\"ImageObject\",\"inLanguage\":\"hu\",\"@id\":\"https:\/\/hungarofondo.hu\/lime\/#\/schema\/logo\/image\/\",\"url\":\"https:\/\/hungarofondo.hu\/lime\/wp-content\/uploads\/2024\/11\/cropped-Lime_Apartment_Zamardi_white_logo_main-removebg.webp\",\"contentUrl\":\"https:\/\/hungarofondo.hu\/lime\/wp-content\/uploads\/2024\/11\/cropped-Lime_Apartment_Zamardi_white_logo_main-removebg.webp\",\"width\":240,\"height\":145,\"caption\":\"Lime Apartment Zam\u00e1rdi***\"},\"image\":{\"@id\":\"https:\/\/hungarofondo.hu\/lime\/#\/schema\/logo\/image\/\"},\"sameAs\":[\"https:\/\/www.facebook.com\/lime.apartment.zamardi\",\"https:\/\/www.instagram.com\/limeapartmentzamardi\"]}]}<\/script>\n<!-- \/ Yoast SEO plugin. -->","yoast_head_json":{"title":"\u00c1rak - Lime Apartment Zam&aacute;rdi***","robots":{"index":"index","follow":"follow","max-snippet":"max-snippet:-1","max-image-preview":"max-image-preview:large","max-video-preview":"max-video-preview:-1"},"canonical":"https:\/\/hungarofondo.hu\/lime\/index.php\/arak\/","og_locale":"hu_HU","og_type":"article","og_title":"\u00c1rak - Lime Apartment Zam&aacute;rdi***","og_description":"Teljes h\u00e1z 10 f\u0151re Maxim\u00e1lis kapacit\u00e1s: 10 f\u0151 (6 f\u0151 norm\u00e1l + 4 f\u0151 p\u00f3t\u00e1gyon) 50.000 Ft \/ \u00e9j norm\u00e1l id\u0151szakban, kiemelt id\u0151szakokon k\u00edv\u00fcl. Kiemelt id\u0151szakokra k\u00e9rje egyedi aj\u00e1nlatunkat. Kiemelt id\u0151szakok: \u00dcnnepnapok: H\u00fasv\u00e9t, P\u00fcnk\u00f6sd, Kar\u00e1csony \u00e9s szilveszter k\u00f6z\u00f6tti id\u0151szak Ny\u00e1ri id\u0151szak: j\u00falius 1. &#8211; augusztus 31. Minim\u00e1lis tart\u00f3zkod\u00e1s hossza: Szezonon k\u00edv\u00fcl: minimum 2 \u00e9j J\u00faliusban [&hellip;]","og_url":"https:\/\/hungarofondo.hu\/lime\/index.php\/arak\/","og_site_name":"Lime Apartment Zam&aacute;rdi***","article_publisher":"https:\/\/www.facebook.com\/lime.apartment.zamardi","article_modified_time":"2024-12-11T11:18:15+00:00","og_image":[{"url":"https:\/\/hungarofondo.hu\/lime\/wp-content\/uploads\/2024\/12\/IMG_1318-1024x768.jpg","type":"","width":"","height":""}],"twitter_card":"summary_large_image","twitter_misc":{"Becs\u00fclt olvas\u00e1si id\u0151":"1 perc"},"schema":{"@context":"https:\/\/schema.org","@graph":[{"@type":"WebPage","@id":"https:\/\/hungarofondo.hu\/lime\/index.php\/arak\/","url":"https:\/\/hungarofondo.hu\/lime\/index.php\/arak\/","name":"\u00c1rak - Lime Apartment Zam&aacute;rdi***","isPartOf":{"@id":"https:\/\/hungarofondo.hu\/lime\/#website"},"primaryImageOfPage":{"@id":"https:\/\/hungarofondo.hu\/lime\/index.php\/arak\/#primaryimage"},"image":{"@id":"https:\/\/hungarofondo.hu\/lime\/index.php\/arak\/#primaryimage"},"thumbnailUrl":"https:\/\/hungarofondo.hu\/lime\/wp-content\/uploads\/2024\/12\/IMG_1318-1024x768.jpg","datePublished":"2024-11-25T09:36:36+00:00","dateModified":"2024-12-11T11:18:15+00:00","breadcrumb":{"@id":"https:\/\/hungarofondo.hu\/lime\/index.php\/arak\/#breadcrumb"},"inLanguage":"hu","potentialAction":[{"@type":"ReadAction","target":["https:\/\/hungarofondo.hu\/lime\/index.php\/arak\/"]}]},{"@type":"ImageObject","inLanguage":"hu","@id":"https:\/\/hungarofondo.hu\/lime\/index.php\/arak\/#primaryimage","url":"https:\/\/hungarofondo.hu\/lime\/wp-content\/uploads\/2024\/12\/IMG_1318-scaled.jpg","contentUrl":"https:\/\/hungarofondo.hu\/lime\/wp-content\/uploads\/2024\/12\/IMG_1318-scaled.jpg","width":2560,"height":1920,"caption":"Kert"},{"@type":"BreadcrumbList","@id":"https:\/\/hungarofondo.hu\/lime\/index.php\/arak\/#breadcrumb","itemListElement":[{"@type":"ListItem","position":1,"name":"Kezd\u0151lap","item":"https:\/\/hungarofondo.hu\/lime\/"},{"@type":"ListItem","position":2,"name":"\u00c1rak"}]},{"@type":"WebSite","@id":"https:\/\/hungarofondo.hu\/lime\/#website","url":"https:\/\/hungarofondo.hu\/lime\/","name":"Lime Apartment Zam\u00e1rdi***","description":"Csal\u00e1dbar\u00e1t, ker\u00e9kp\u00e1ros sz\u00e1ll\u00e1shely a Balatonn\u00e1l","publisher":{"@id":"https:\/\/hungarofondo.hu\/lime\/#organization"},"potentialAction":[{"@type":"SearchAction","target":{"@type":"EntryPoint","urlTemplate":"https:\/\/hungarofondo.hu\/lime\/?s={search_term_string}"},"query-input":{"@type":"PropertyValueSpecification","valueRequired":true,"valueName":"search_term_string"}}],"inLanguage":"hu"},{"@type":"Organization","@id":"https:\/\/hungarofondo.hu\/lime\/#organization","name":"Lime Apartment Zam\u00e1rdi***","url":"https:\/\/hungarofondo.hu\/lime\/","logo":{"@type":"ImageObject","inLanguage":"hu","@id":"https:\/\/hungarofondo.hu\/lime\/#\/schema\/logo\/image\/","url":"https:\/\/hungarofondo.hu\/lime\/wp-content\/uploads\/2024\/11\/cropped-Lime_Apartment_Zamardi_white_logo_main-removebg.webp","contentUrl":"https:\/\/hungarofondo.hu\/lime\/wp-content\/uploads\/2024\/11\/cropped-Lime_Apartment_Zamardi_white_logo_main-removebg.webp","width":240,"height":145,"caption":"Lime Apartment Zam\u00e1rdi***"},"image":{"@id":"https:\/\/hungarofondo.hu\/lime\/#\/schema\/logo\/image\/"},"sameAs":["https:\/\/www.facebook.com\/lime.apartment.zamardi","https:\/\/www.instagram.com\/limeapartmentzamardi"]}]}},"jetpack_sharing_enabled":true,"uagb_featured_image_src":{"full":false,"thumbnail":false,"medium":false,"medium_large":false,"large":false,"1536x1536":false,"2048x2048":false},"uagb_author_info":{"display_name":"a","author_link":"https:\/\/hungarofondo.hu\/lime\/index.php\/author\/anita\/"},"uagb_comment_info":0,"uagb_excerpt":"Teljes h\u00e1z 10 f\u0151re Maxim\u00e1lis kapacit\u00e1s: 10 f\u0151 (6 f\u0151 norm\u00e1l + 4 f\u0151 p\u00f3t\u00e1gyon) 50.000 Ft \/ \u00e9j norm\u00e1l id\u0151szakban, kiemelt id\u0151szakokon k\u00edv\u00fcl. Kiemelt id\u0151szakokra k\u00e9rje egyedi aj\u00e1nlatunkat. Kiemelt id\u0151szakok: \u00dcnnepnapok: H\u00fasv\u00e9t, P\u00fcnk\u00f6sd, Kar\u00e1csony \u00e9s szilveszter k\u00f6z\u00f6tti id\u0151szak Ny\u00e1ri id\u0151szak: j\u00falius 1. &#8211; augusztus 31. Minim\u00e1lis tart\u00f3zkod\u00e1s hossza: Szezonon k\u00edv\u00fcl: minimum 2 \u00e9j J\u00faliusban&hellip;","_links":{"self":[{"href":"https:\/\/hungarofondo.hu\/lime\/index.php\/wp-json\/wp\/v2\/pages\/107","targetHints":{"allow":["GET"]}}],"collection":[{"href":"https:\/\/hungarofondo.hu\/lime\/index.php\/wp-json\/wp\/v2\/pages"}],"about":[{"href":"https:\/\/hungarofondo.hu\/lime\/index.php\/wp-json\/wp\/v2\/types\/page"}],"author":[{"embeddable":true,"href":"https:\/\/hungarofondo.hu\/lime\/index.php\/wp-json\/wp\/v2\/users\/2"}],"replies":[{"embeddable":true,"href":"https:\/\/hungarofondo.hu\/lime\/index.php\/wp-json\/wp\/v2\/comments?post=107"}],"version-history":[{"count":16,"href":"https:\/\/hungarofondo.hu\/lime\/index.php\/wp-json\/wp\/v2\/pages\/107\/revisions"}],"predecessor-version":[{"id":717,"href":"https:\/\/hungarofondo.hu\/lime\/index.php\/wp-json\/wp\/v2\/pages\/107\/revisions\/717"}],"wp:attachment":[{"href":"https:\/\/hungarofondo.hu\/lime\/index.php\/wp-json\/wp\/v2\/media?parent=107"}],"curies":[{"name":"wp","href":"https:\/\/api.w.org\/{rel}","templated":true}]}}